{"id":20,"date":"2010-05-02T03:21:08","date_gmt":"2010-05-02T03:21:08","guid":{"rendered":"https:\/\/alphamicro.alphamicro.com.br\/?page_id=20"},"modified":"2024-07-01T01:37:53","modified_gmt":"2024-07-01T01:37:53","slug":"servicos","status":"publish","type":"page","link":"https:\/\/alphamicro.com.br\/?page_id=20","title":{"rendered":"Servi\u00e7os"},"content":{"rendered":"<p><span style=\"text-decoration: underline;\"><strong>Assist\u00eancia t\u00e9cnica:<\/strong><\/span><\/p>\n<p>Computadores<\/p>\n<p>Impressoras (Jato de Tinta, laser e matriciais)<\/p>\n<p>Monitores LCD<\/p>\n<p>Implantamos rede com servidores ou desktops compartilhados.<\/p>\n<p>Recupera\u00e7\u00e3o de dados, instala\u00e7\u00e3o de Sistemas operacionais e aplicativos.<\/p>\n<p>Fomul\u00e1rios digitais.<\/p>\n","protected":false},"excerpt":{"rendered":"<p>Assist\u00eancia t\u00e9cnica: Computadores Impressoras (Jato de Tinta, laser e matriciais) Monitores LCD Implantamos rede com servidores ou desktops compartilhados. Recupera\u00e7\u00e3o de [&hellip;]<\/p>\n","protected":false},"author":1,"featured_media":0,"parent":0,"menu_order":4,"comment_status":"closed","ping_status":"closed","template":"","meta":{"footnotes":""},"class_list":["post-20","page","type-page","status-publish","hentry"],"_links":{"self":[{"href":"https:\/\/alphamicro.com.br\/index.php?rest_route=\/wp\/v2\/pages\/20","targetHints":{"allow":["GET"]}}],"collection":[{"href":"https:\/\/alphamicro.com.br\/index.php?rest_route=\/wp\/v2\/pages"}],"about":[{"href":"https:\/\/alphamicro.com.br\/index.php?rest_route=\/wp\/v2\/types\/page"}],"author":[{"embeddable":true,"href":"https:\/\/alphamicro.com.br\/index.php?rest_route=\/wp\/v2\/users\/1"}],"replies":[{"embeddable":true,"href":"https:\/\/alphamicro.com.br\/index.php?rest_route=%2Fwp%2Fv2%2Fcomments&post=20"}],"version-history":[{"count":10,"href":"https:\/\/alphamicro.com.br\/index.php?rest_route=\/wp\/v2\/pages\/20\/revisions"}],"predecessor-version":[{"id":138,"href":"https:\/\/alphamicro.com.br\/index.php?rest_route=\/wp\/v2\/pages\/20\/revisions\/138"}],"wp:attachment":[{"href":"https:\/\/alphamicro.com.br\/index.php?rest_route=%2Fwp%2Fv2%2Fmedia&parent=20"}],"curies":[{"name":"wp","href":"https:\/\/api.w.org\/{rel}","templated":true}]}}