{"id":11,"date":"2010-05-01T01:16:50","date_gmt":"2010-05-01T01:16:50","guid":{"rendered":"https:\/\/alphamicro.alphamicro.com.br\/alpha\/?page_id=11"},"modified":"2024-07-01T01:42:32","modified_gmt":"2024-07-01T01:42:32","slug":"home","status":"publish","type":"page","link":"https:\/\/alphamicro.com.br\/","title":{"rendered":"Localiza\u00e7\u00e3o"},"content":{"rendered":"<h4>Alphamicro &#8211; Com\u00e9rcio e Manuten\u00e7\u00e3o em Equipamentos de Inform\u00e1tica<\/h4>\n<p>&nbsp;<\/p>\n<p><strong>Cal\u00e7ada dos Cravos, 76 &#8211; Loja 108 &#8211; Galeria Omni Center<\/strong><\/p>\n<p><strong>Centro Comercial &#8211; Alphaville &#8211; Barueri &#8211; SP<\/strong><\/p>\n<p><strong>Cep &#8211; 06453-053<\/strong><\/p>\n<h2><span style=\"color: #3459a8;\"><a style=\"color: #3459a8;\" href=\"http:\/\/api.whatsapp.com\/send?1=pt_BR&amp;phone=551141912165\">(11) 4191-2165 (WhatsApp)*<\/a><\/span><\/h2>\n<h6><em>*Click no link acima para enviar mensagem via whatsapp (Dias uteis &#8211; Horario Comercial)<\/em><\/h6>\n","protected":false},"excerpt":{"rendered":"<p>Alphamicro &#8211; Com\u00e9rcio e Manuten\u00e7\u00e3o em Equipamentos de Inform\u00e1tica &nbsp; Cal\u00e7ada dos Cravos, 76 &#8211; Loja 108 &#8211; Galeria Omni Center [&hellip;]<\/p>\n","protected":false},"author":1,"featured_media":0,"parent":0,"menu_order":0,"comment_status":"closed","ping_status":"closed","template":"","meta":{"footnotes":""},"class_list":["post-11","page","type-page","status-publish","hentry"],"_links":{"self":[{"href":"https:\/\/alphamicro.com.br\/index.php?rest_route=\/wp\/v2\/pages\/11","targetHints":{"allow":["GET"]}}],"collection":[{"href":"https:\/\/alphamicro.com.br\/index.php?rest_route=\/wp\/v2\/pages"}],"about":[{"href":"https:\/\/alphamicro.com.br\/index.php?rest_route=\/wp\/v2\/types\/page"}],"author":[{"embeddable":true,"href":"https:\/\/alphamicro.com.br\/index.php?rest_route=\/wp\/v2\/users\/1"}],"replies":[{"embeddable":true,"href":"https:\/\/alphamicro.com.br\/index.php?rest_route=%2Fwp%2Fv2%2Fcomments&post=11"}],"version-history":[{"count":40,"href":"https:\/\/alphamicro.com.br\/index.php?rest_route=\/wp\/v2\/pages\/11\/revisions"}],"predecessor-version":[{"id":143,"href":"https:\/\/alphamicro.com.br\/index.php?rest_route=\/wp\/v2\/pages\/11\/revisions\/143"}],"wp:attachment":[{"href":"https:\/\/alphamicro.com.br\/index.php?rest_route=%2Fwp%2Fv2%2Fmedia&parent=11"}],"curies":[{"name":"wp","href":"https:\/\/api.w.org\/{rel}","templated":true}]}}